{"id":16,"date":"2025-04-07T00:22:08","date_gmt":"2025-04-07T00:22:08","guid":{"rendered":"https:\/\/estudidentaltremp.com\/?page_id=16"},"modified":"2026-03-15T20:54:49","modified_gmt":"2026-03-15T20:54:49","slug":"equip","status":"publish","type":"page","link":"https:\/\/estudidentaltremp.com\/es\/equip\/","title":{"rendered":"EQUIPO"},"content":{"rendered":"\t\t<div data-elementor-type=\"wp-page\" data-elementor-id=\"16\" class=\"elementor elementor-16\" data-elementor-post-type=\"page\">\n\t\t\t\t<div class=\"elementor-element elementor-element-36552ba e-con-full e-flex e-con e-parent\" data-id=\"36552ba\" data-element_type=\"container\" data-e-type=\"container\" data-settings=\"{&quot;background_background&quot;:&quot;classic&quot;,&quot;background_motion_fx_motion_fx_scrolling&quot;:&quot;yes&quot;,&quot;background_motion_fx_translateY_effect&quot;:&quot;yes&quot;,&quot;background_motion_fx_devices&quot;:[&quot;desktop&quot;,&quot;tablet&quot;],&quot;background_motion_fx_range&quot;:&quot;viewport&quot;,&quot;background_motion_fx_translateY_speed&quot;:{&quot;unit&quot;:&quot;px&quot;,&quot;size&quot;:&quot;2.5&quot;,&quot;sizes&quot;:[]},&quot;background_motion_fx_translateY_affectedRange&quot;:{&quot;unit&quot;:&quot;%&quot;,&quot;size&quot;:&quot;&quot;,&quot;sizes&quot;:{&quot;start&quot;:0,&quot;end&quot;:100}}}\">\n\t\t<div class=\"elementor-element elementor-element-aeb86af e-flex e-con-boxed e-con e-child\" data-id=\"aeb86af\" data-element_type=\"container\" data-e-type=\"container\" data-settings=\"{&quot;background_background&quot;:&quot;classic&quot;}\">\n\t\t\t\t\t<div class=\"e-con-inner\">\n\t\t<div class=\"elementor-element elementor-element-996ae40 e-con-full e-flex elementor-invisible e-con e-child\" data-id=\"996ae40\" data-element_type=\"container\" data-e-type=\"container\" data-settings=\"{&quot;animation&quot;:&quot;fadeIn&quot;,&quot;animation_delay&quot;:&quot;600&quot;}\">\n\t\t<div class=\"elementor-element elementor-element-df7d09d e-con-full elementor-hidden-mobile e-flex e-con e-child\" data-id=\"df7d09d\" data-element_type=\"container\" data-e-type=\"container\">\n\t\t\t\t<div class=\"elementor-element elementor-element-929ea1a elementor-view-default elementor-widget elementor-widget-icon\" data-id=\"929ea1a\" data-element_type=\"widget\" data-e-type=\"widget\" data-widget_type=\"icon.default\">\n\t\t\t\t<div class=\"elementor-widget-container\">\n\t\t\t\t\t\t\t<div class=\"elementor-icon-wrapper\">\n\t\t\t<div class=\"elementor-icon\">\n\t\t\t<svg aria-hidden=\"true\" class=\"e-font-icon-svg e-fas-circle\" viewBox=\"0 0 512 512\" xmlns=\"http:\/\/www.w3.org\/2000\/svg\"><path d=\"M256 8C119 8 8 119 8 256s111 248 248 248 248-111 248-248S393 8 256 8z\"><\/path><\/svg>\t\t\t<\/div>\n\t\t<\/div>\n\t\t\t\t\t\t<\/div>\n\t\t\t\t<\/div>\n\t\t\t\t<div class=\"elementor-element elementor-element-73db427 elementor-widget elementor-widget-heading\" data-id=\"73db427\" data-element_type=\"widget\" data-e-type=\"widget\" data-widget_type=\"heading.default\">\n\t\t\t\t<div class=\"elementor-widget-container\">\n\t\t\t\t\t<span class=\"elementor-heading-title elementor-size-default\">EQUIP<\/span>\t\t\t\t<\/div>\n\t\t\t\t<\/div>\n\t\t\t\t<\/div>\n\t\t\t\t<\/div>\n\t\t\t\t<div class=\"elementor-element elementor-element-d3bb826 elementor-widget__width-initial elementor-widget elementor-widget-heading\" data-id=\"d3bb826\" data-element_type=\"widget\" data-e-type=\"widget\" data-settings=\"{&quot;_animation&quot;:&quot;none&quot;}\" data-widget_type=\"heading.default\">\n\t\t\t\t<div class=\"elementor-widget-container\">\n\t\t\t\t\t<h1 class=\"elementor-heading-title elementor-size-default\">LA NOSTRA PROFESSI\u00d3 \u00c9S LA NOSTRA VOCACI\u00d3<\/h1>\t\t\t\t<\/div>\n\t\t\t\t<\/div>\n\t\t\t\t\t<\/div>\n\t\t\t\t<\/div>\n\t\t\t\t<\/div>\n\t\t<div class=\"elementor-element elementor-element-f229fc7 e-flex e-con-boxed e-con e-parent\" data-id=\"f229fc7\" data-element_type=\"container\" data-e-type=\"container\" data-settings=\"{&quot;background_background&quot;:&quot;classic&quot;}\">\n\t\t\t\t\t<div class=\"e-con-inner\">\n\t\t<div class=\"elementor-element elementor-element-fac62a4 e-con-full e-flex elementor-invisible e-con e-child\" data-id=\"fac62a4\" data-element_type=\"container\" data-e-type=\"container\" data-settings=\"{&quot;animation&quot;:&quot;fadeIn&quot;,&quot;animation_delay&quot;:&quot;800&quot;}\">\n\t\t\t\t<div class=\"elementor-element elementor-element-dadde9a elementor-widget elementor-widget-heading\" data-id=\"dadde9a\" data-element_type=\"widget\" data-e-type=\"widget\" data-widget_type=\"heading.default\">\n\t\t\t\t<div class=\"elementor-widget-container\">\n\t\t\t\t\t<h2 class=\"elementor-heading-title elementor-size-default\">EL NOSTRE EQUIP<\/h2>\t\t\t\t<\/div>\n\t\t\t\t<\/div>\n\t\t\t\t<div class=\"elementor-element elementor-element-5851a4f elementor-widget-mobile__width-inherit elementor-widget elementor-widget-text-editor\" data-id=\"5851a4f\" data-element_type=\"widget\" data-e-type=\"widget\" data-widget_type=\"text-editor.default\">\n\t\t\t\t<div class=\"elementor-widget-container\">\n\t\t\t\t\t\t\t\t\t<p><span style=\"font-weight: 400;\">Estudi Dental Tremp est\u00e0 format per un equip multidisciplinari amb una clara vocaci\u00f3 per l&#8217;excel\u00b7l\u00e8ncia. El nostre principal objectiu \u00e9s aconseguir la teva satisfacci\u00f3 mitjan\u00e7ant un tractament global, de qualitat i un tracte agradable, digitalitzant tots els serveis i fent \u00e8mfasi en portar les comoditats de la ciutat a la poblaci\u00f3 del Pallars.<\/span><\/p><p><span style=\"font-weight: 400;\">Ens enfoquem en oferir tractaments d&#8217;excel\u00b7l\u00e8ncia basats en l&#8217;evid\u00e8ncia cient\u00edfica, \u00e8tica i experi\u00e8ncia, abastant des de la prevenci\u00f3 fins a l&#8217;ortod\u00f2ncia, passant per implants i est\u00e8tica dental, tot amb les t\u00e8cniques m\u00e9s innovadores del sector.<\/span><\/p><p><span style=\"font-weight: 400;\">El nostre equip, en formaci\u00f3 constant, destaca pel seu professionalisme i una atenci\u00f3 propera, garantint una experi\u00e8ncia de salut dental agradable i amb gran qualitat humana.<\/span><\/p>\t\t\t\t\t\t\t\t<\/div>\n\t\t\t\t<\/div>\n\t\t\t\t<\/div>\n\t\t\t\t\t<\/div>\n\t\t\t\t<\/div>\n\t\t<div class=\"elementor-element elementor-element-1ee8b071 e-flex e-con-boxed e-con e-parent\" data-id=\"1ee8b071\" data-element_type=\"container\" data-e-type=\"container\" data-settings=\"{&quot;background_background&quot;:&quot;classic&quot;}\">\n\t\t\t\t\t<div class=\"e-con-inner\">\n\t\t<div class=\"elementor-element elementor-element-35bffaa6 e-grid e-con-full e-con e-child\" data-id=\"35bffaa6\" data-element_type=\"container\" data-e-type=\"container\">\n\t\t<div class=\"elementor-element elementor-element-768e011e e-con-full e-flex elementor-invisible e-con e-child\" data-id=\"768e011e\" data-element_type=\"container\" data-e-type=\"container\" data-settings=\"{&quot;background_background&quot;:&quot;classic&quot;,&quot;animation&quot;:&quot;fadeIn&quot;,&quot;animation_delay&quot;:&quot;1000&quot;}\">\n\t\t<div class=\"elementor-element elementor-element-1ade011 e-con-full e-flex e-con e-child\" data-id=\"1ade011\" data-element_type=\"container\" data-e-type=\"container\">\n\t\t\t\t<div class=\"elementor-element elementor-element-42a62a1f elementor-widget elementor-widget-image\" data-id=\"42a62a1f\" data-element_type=\"widget\" data-e-type=\"widget\" data-widget_type=\"image.default\">\n\t\t\t\t<div class=\"elementor-widget-container\">\n\t\t\t\t\t\t\t\t\t\t\t\t\t\t\t<img fetchpriority=\"high\" decoding=\"async\" width=\"1088\" height=\"944\" src=\"https:\/\/estudidentaltremp.com\/wp-content\/uploads\/2026\/03\/Retrato-Yasmine-ok.jpg\" class=\"attachment-full size-full wp-image-1398\" alt=\"\" srcset=\"https:\/\/estudidentaltremp.com\/wp-content\/uploads\/2026\/03\/Retrato-Yasmine-ok.jpg 1088w, https:\/\/estudidentaltremp.com\/wp-content\/uploads\/2026\/03\/Retrato-Yasmine-ok-300x260.jpg 300w, https:\/\/estudidentaltremp.com\/wp-content\/uploads\/2026\/03\/Retrato-Yasmine-ok-1024x888.jpg 1024w, https:\/\/estudidentaltremp.com\/wp-content\/uploads\/2026\/03\/Retrato-Yasmine-ok-768x666.jpg 768w, https:\/\/estudidentaltremp.com\/wp-content\/uploads\/2026\/03\/Retrato-Yasmine-ok-14x12.jpg 14w\" sizes=\"(max-width: 1088px) 100vw, 1088px\" \/>\t\t\t\t\t\t\t\t\t\t\t\t\t\t\t<\/div>\n\t\t\t\t<\/div>\n\t\t\t\t<div class=\"elementor-element elementor-element-3913950 elementor-widget elementor-widget-heading\" data-id=\"3913950\" data-element_type=\"widget\" data-e-type=\"widget\" data-widget_type=\"heading.default\">\n\t\t\t\t<div class=\"elementor-widget-container\">\n\t\t\t\t\t<h5 class=\"elementor-heading-title elementor-size-default\"><br>Dra. Yasmine El Messaoudi Amakrane<\/h5>\t\t\t\t<\/div>\n\t\t\t\t<\/div>\n\t\t\t\t<div class=\"elementor-element elementor-element-4ae9ff81 elementor-widget elementor-widget-text-editor\" data-id=\"4ae9ff81\" data-element_type=\"widget\" data-e-type=\"widget\" data-widget_type=\"text-editor.default\">\n\t\t\t\t<div class=\"elementor-widget-container\">\n\t\t\t\t\t\t\t\t\t<p><span style=\"font-weight: 400;\">M\u00e0ster Universitari en Odontologia Restauradora i Endod\u00f2ncia per la Facultat de Medicina i Odontologia de la Universitat de Val\u00e8ncia.<\/span><\/p><p><span style=\"font-weight: 400;\">Postgrau en Est\u00e8tica Dental Avan\u00e7ada per la Societat Catalana d&#8217;Odontologia i Estomatologia.<\/span><\/p><p><span style=\"font-weight: 400;\">Curs Superior Universitari en Implantopr\u00f2tesi per la Universitat Rey Juan Carlos de Madrid.<\/span><\/p><p><span style=\"font-weight: 400;\">Llicenciada en Odontologia per la Facultat de Medicina i Odontologia de la Universitat de Val\u00e8ncia.<\/span><\/p><p><br \/><br \/><\/p>\t\t\t\t\t\t\t\t<\/div>\n\t\t\t\t<\/div>\n\t\t\t\t<\/div>\n\t\t\t\t<\/div>\n\t\t<div class=\"elementor-element elementor-element-564c79f9 e-con-full e-flex elementor-invisible e-con e-child\" data-id=\"564c79f9\" data-element_type=\"container\" data-e-type=\"container\" data-settings=\"{&quot;background_background&quot;:&quot;classic&quot;,&quot;animation&quot;:&quot;fadeIn&quot;,&quot;animation_delay&quot;:&quot;1200&quot;}\">\n\t\t\t\t<div class=\"elementor-element elementor-element-2fd4ed02 elementor-widget elementor-widget-image\" data-id=\"2fd4ed02\" data-element_type=\"widget\" data-e-type=\"widget\" data-widget_type=\"image.default\">\n\t\t\t\t<div class=\"elementor-widget-container\">\n\t\t\t\t\t\t\t\t\t\t\t\t\t\t\t<img decoding=\"async\" width=\"500\" height=\"434\" src=\"https:\/\/estudidentaltremp.com\/wp-content\/uploads\/2026\/01\/Joan-Carrera-e1768762001138.jpg\" class=\"attachment-full size-full wp-image-1039\" alt=\"\" srcset=\"https:\/\/estudidentaltremp.com\/wp-content\/uploads\/2026\/01\/Joan-Carrera-e1768762001138.jpg 500w, https:\/\/estudidentaltremp.com\/wp-content\/uploads\/2026\/01\/Joan-Carrera-e1768762001138-300x260.jpg 300w, https:\/\/estudidentaltremp.com\/wp-content\/uploads\/2026\/01\/Joan-Carrera-e1768762001138-14x12.jpg 14w\" sizes=\"(max-width: 500px) 100vw, 500px\" \/>\t\t\t\t\t\t\t\t\t\t\t\t\t\t\t<\/div>\n\t\t\t\t<\/div>\n\t\t<div class=\"elementor-element elementor-element-6f5dd5 e-con-full e-flex e-con e-child\" data-id=\"6f5dd5\" data-element_type=\"container\" data-e-type=\"container\">\n\t\t\t\t<div class=\"elementor-element elementor-element-1df919b0 elementor-widget elementor-widget-heading\" data-id=\"1df919b0\" data-element_type=\"widget\" data-e-type=\"widget\" data-widget_type=\"heading.default\">\n\t\t\t\t<div class=\"elementor-widget-container\">\n\t\t\t\t\t<h5 class=\"elementor-heading-title elementor-size-default\">Dr. Joan Carrera Carrillo de Albornoz<\/h5>\t\t\t\t<\/div>\n\t\t\t\t<\/div>\n\t\t\t\t<div class=\"elementor-element elementor-element-4f065e67 elementor-widget elementor-widget-text-editor\" data-id=\"4f065e67\" data-element_type=\"widget\" data-e-type=\"widget\" data-widget_type=\"text-editor.default\">\n\t\t\t\t<div class=\"elementor-widget-container\">\n\t\t\t\t\t\t\t\t\t<p>\u00a0<span style=\"font-weight: 400;\">M\u00e0ster universitari en Implantologia Oral i Pr\u00f2tesi sobre implants per la Universitat Alfonso X el Savi (UAX).<\/span><\/p><p><span style=\"font-weight: 400;\">M\u00e0ster en Cirurgia Oral per la Universitat de Lleida (UdL).<\/span><\/p><p><span style=\"font-weight: 400;\">M\u00e0ster en Period\u00f2ncia per la Universitat de Lleida (UdL).<\/span><\/p><p><span style=\"font-weight: 400;\">Comunicacions a nivell nacional i internacional (EAO, SEPES, SEPA).<\/span><\/p><p><span style=\"font-weight: 400;\">Llicenciat en Odontologia per la Universitat Alfonso X el Savi (UAX).<\/span><\/p>\t\t\t\t\t\t\t\t<\/div>\n\t\t\t\t<\/div>\n\t\t\t\t<\/div>\n\t\t\t\t<\/div>\n\t\t<div class=\"elementor-element elementor-element-2e228730 e-con-full e-flex elementor-invisible e-con e-child\" data-id=\"2e228730\" data-element_type=\"container\" data-e-type=\"container\" data-settings=\"{&quot;background_background&quot;:&quot;classic&quot;,&quot;animation&quot;:&quot;fadeIn&quot;,&quot;animation_delay&quot;:&quot;1400&quot;}\">\n\t\t\t\t<div class=\"elementor-element elementor-element-6a9e8ccc elementor-widget elementor-widget-image\" data-id=\"6a9e8ccc\" data-element_type=\"widget\" data-e-type=\"widget\" data-widget_type=\"image.default\">\n\t\t\t\t<div class=\"elementor-widget-container\">\n\t\t\t\t\t\t\t\t\t\t\t\t\t\t\t<img decoding=\"async\" width=\"500\" height=\"600\" src=\"https:\/\/estudidentaltremp.com\/wp-content\/uploads\/2026\/01\/Dra-Roure.jpg\" class=\"attachment-full size-full wp-image-1040\" alt=\"\" srcset=\"https:\/\/estudidentaltremp.com\/wp-content\/uploads\/2026\/01\/Dra-Roure.jpg 500w, https:\/\/estudidentaltremp.com\/wp-content\/uploads\/2026\/01\/Dra-Roure-250x300.jpg 250w, https:\/\/estudidentaltremp.com\/wp-content\/uploads\/2026\/01\/Dra-Roure-10x12.jpg 10w\" sizes=\"(max-width: 500px) 100vw, 500px\" \/>\t\t\t\t\t\t\t\t\t\t\t\t\t\t\t<\/div>\n\t\t\t\t<\/div>\n\t\t<div class=\"elementor-element elementor-element-3ea981db e-con-full e-flex e-con e-child\" data-id=\"3ea981db\" data-element_type=\"container\" data-e-type=\"container\">\n\t\t\t\t<div class=\"elementor-element elementor-element-89bb6b1 elementor-widget elementor-widget-heading\" data-id=\"89bb6b1\" data-element_type=\"widget\" data-e-type=\"widget\" data-widget_type=\"heading.default\">\n\t\t\t\t<div class=\"elementor-widget-container\">\n\t\t\t\t\t<h5 class=\"elementor-heading-title elementor-size-default\">Dra. Carme Roure Miquel<\/h5>\t\t\t\t<\/div>\n\t\t\t\t<\/div>\n\t\t\t\t<div class=\"elementor-element elementor-element-6395c386 elementor-widget elementor-widget-text-editor\" data-id=\"6395c386\" data-element_type=\"widget\" data-e-type=\"widget\" data-widget_type=\"text-editor.default\">\n\t\t\t\t<div class=\"elementor-widget-container\">\n\t\t\t\t\t\t\t\t\t<p><span style=\"font-weight: 400;\">M\u00e0ster en Ortod\u00f2ncia.<\/span><\/p><p><span style=\"font-weight: 400;\">M\u00e0ster en Medicina Est\u00e8tica i Harmonitzaci\u00f3 Orofacial per l&#8217;Escola Espanyola de Medicina Est\u00e8tica de Cl\u00ednica Londres.<\/span><\/p><p><span style=\"font-weight: 400;\">M\u00e0ster en Disfunci\u00f3 Craneomandibular, Dolor Orofacial i Medicina Dental del Son.<\/span><\/p><p><span style=\"font-weight: 400;\">Postgrau en Ortod\u00f2ncia, membre actiu de SEDO (Societat Espanyola d&#8217;Ortod\u00f2ncia).<\/span><\/p><p><span style=\"font-weight: 400;\">Postgrau en Ortop\u00e8dia Dental i Ortod\u00f2ncia per la Universitat de P\u00e0dua.<\/span><\/p><p><span style=\"font-weight: 400;\">M\u00e0ster en Cirurgia d&#8217;Urg\u00e8ncies per la Universitat de Lleida.<\/span><\/p><p><span style=\"font-weight: 400;\">Llicenciada en Odontologia per la Universitat Internacional de Catalunya.<\/span><\/p><p><span style=\"font-weight: 400;\">Llicenciada en Medicina i Cirurgia per la Universitat Aut\u00f2noma de Barcelona.<\/span><\/p>\t\t\t\t\t\t\t\t<\/div>\n\t\t\t\t<\/div>\n\t\t\t\t<\/div>\n\t\t\t\t<\/div>\n\t\t<div class=\"elementor-element elementor-element-15b5a2b9 e-con-full e-flex elementor-invisible e-con e-child\" data-id=\"15b5a2b9\" data-element_type=\"container\" data-e-type=\"container\" data-settings=\"{&quot;background_background&quot;:&quot;classic&quot;,&quot;animation&quot;:&quot;fadeIn&quot;,&quot;animation_delay&quot;:&quot;400&quot;}\">\n\t\t\t\t<div class=\"elementor-element elementor-element-626ca95 elementor-widget elementor-widget-image\" data-id=\"626ca95\" data-element_type=\"widget\" data-e-type=\"widget\" data-widget_type=\"image.default\">\n\t\t\t\t<div class=\"elementor-widget-container\">\n\t\t\t\t\t\t\t\t\t\t\t\t\t\t\t<img loading=\"lazy\" decoding=\"async\" width=\"500\" height=\"600\" src=\"https:\/\/estudidentaltremp.com\/wp-content\/uploads\/2026\/01\/2.jpg\" class=\"attachment-full size-full wp-image-1041\" alt=\"\" srcset=\"https:\/\/estudidentaltremp.com\/wp-content\/uploads\/2026\/01\/2.jpg 500w, https:\/\/estudidentaltremp.com\/wp-content\/uploads\/2026\/01\/2-250x300.jpg 250w, https:\/\/estudidentaltremp.com\/wp-content\/uploads\/2026\/01\/2-10x12.jpg 10w\" sizes=\"(max-width: 500px) 100vw, 500px\" \/>\t\t\t\t\t\t\t\t\t\t\t\t\t\t\t<\/div>\n\t\t\t\t<\/div>\n\t\t<div class=\"elementor-element elementor-element-538ded04 e-con-full e-flex e-con e-child\" data-id=\"538ded04\" data-element_type=\"container\" data-e-type=\"container\">\n\t\t\t\t<div class=\"elementor-element elementor-element-2bae9911 elementor-widget elementor-widget-heading\" data-id=\"2bae9911\" data-element_type=\"widget\" data-e-type=\"widget\" data-widget_type=\"heading.default\">\n\t\t\t\t<div class=\"elementor-widget-container\">\n\t\t\t\t\t<h5 class=\"elementor-heading-title elementor-size-default\">Dra. Isabel Sierra<\/h5>\t\t\t\t<\/div>\n\t\t\t\t<\/div>\n\t\t\t\t<div class=\"elementor-element elementor-element-52da1f85 elementor-widget elementor-widget-text-editor\" data-id=\"52da1f85\" data-element_type=\"widget\" data-e-type=\"widget\" data-widget_type=\"text-editor.default\">\n\t\t\t\t<div class=\"elementor-widget-container\">\n\t\t\t\t\t\t\t\t\t<p><span style=\"font-weight: 400;\">M\u00e0ster en Ortod\u00f2ncia per l&#8217;Athenea Dental Institute. Acreditaci\u00f3 en Invisalign\u00ae, SureSmile i Spark.<\/span><\/p><p><span style=\"font-weight: 400;\">Postgrau en Rehabilitaci\u00f3 Est\u00e8tica Minimanent Invasiva.<\/span><\/p><p><span style=\"font-weight: 400;\">Postgrau en Endod\u00f2ncia.<\/span><\/p><p><span style=\"font-weight: 400;\">Postgrau en Pr\u00f2tesi i Rehabilitaci\u00f3 Oral.<\/span><\/p><p><span style=\"font-weight: 400;\">Curs d&#8217;Aplicaci\u00f3 d&#8217;\u00c0cid Hialur\u00f2nic.<\/span><\/p><p><span style=\"font-weight: 400;\">Llicenciada en Odontologia per la Universitat Internacional de Catalunya.<\/span><\/p>\t\t\t\t\t\t\t\t<\/div>\n\t\t\t\t<\/div>\n\t\t\t\t<\/div>\n\t\t\t\t<\/div>\n\t\t\t\t<\/div>\n\t\t\t\t\t<\/div>\n\t\t\t\t<\/div>\n\t\t\t\t<\/div>\n\t\t","protected":false},"excerpt":{"rendered":"<p>EQUIP LA NOSTRA PROFESSI\u00d3 \u00c9S LA NOSTRA VOCACI\u00d3 EL NOSTRE EQUIP Estudi Dental Tremp est\u00e0 format per un equip multidisciplinari [&hellip;]<\/p>\n","protected":false},"author":1,"featured_media":0,"parent":0,"menu_order":0,"comment_status":"closed","ping_status":"closed","template":"elementor_header_footer","meta":{"site-sidebar-layout":"no-sidebar","site-content-layout":"","ast-site-content-layout":"full-width-container","site-content-style":"default","site-sidebar-style":"default","ast-global-header-display":"","ast-banner-title-visibility":"","ast-main-header-display":"","ast-hfb-above-header-display":"","ast-hfb-below-header-display":"","ast-hfb-mobile-header-display":"","site-post-title":"disabled","ast-breadcrumbs-content":"","ast-featured-img":"disabled","footer-sml-layout":"","theme-transparent-header-meta":"default","adv-header-id-meta":"","stick-header-meta":"","header-above-stick-meta":"","header-main-stick-meta":"","header-below-stick-meta":"","astra-migrate-meta-layouts":"set","ast-page-background-enabled":"default","ast-page-background-meta":{"desktop":{"background-color":"var(--ast-global-color-5)","background-image":"","background-repeat":"repeat","background-position":"center center","background-size":"auto","background-attachment":"scroll","background-type":"","background-media":"","overlay-type":"","overlay-color":"","overlay-opacity":"","overlay-gradient":""},"tablet":{"background-color":"","background-image":"","background-repeat":"repeat","background-position":"center center","background-size":"auto","background-attachment":"scroll","background-type":"","background-media":"","overlay-type":"","overlay-color":"","overlay-opacity":"","overlay-gradient":""},"mobile":{"background-color":"","background-image":"","background-repeat":"repeat","background-position":"center center","background-size":"auto","background-attachment":"scroll","background-type":"","background-media":"","overlay-type":"","overlay-color":"","overlay-opacity":"","overlay-gradient":""}},"ast-content-background-meta":{"desktop":{"background-color":"var(--ast-global-color-4)","background-image":"","background-repeat":"repeat","background-position":"center center","background-size":"auto","background-attachment":"scroll","background-type":"","background-media":"","overlay-type":"","overlay-color":"","overlay-opacity":"","overlay-gradient":""},"tablet":{"background-color":"var(--ast-global-color-4)","background-image":"","background-repeat":"repeat","background-position":"center center","background-size":"auto","background-attachment":"scroll","background-type":"","background-media":"","overlay-type":"","overlay-color":"","overlay-opacity":"","overlay-gradient":""},"mobile":{"background-color":"var(--ast-global-color-4)","background-image":"","background-repeat":"repeat","background-position":"center center","background-size":"auto","background-attachment":"scroll","background-type":"","background-media":"","overlay-type":"","overlay-color":"","overlay-opacity":"","overlay-gradient":""}},"footnotes":""},"class_list":["post-16","page","type-page","status-publish","hentry"],"_links":{"self":[{"href":"https:\/\/estudidentaltremp.com\/es\/wp-json\/wp\/v2\/pages\/16","targetHints":{"allow":["GET"]}}],"collection":[{"href":"https:\/\/estudidentaltremp.com\/es\/wp-json\/wp\/v2\/pages"}],"about":[{"href":"https:\/\/estudidentaltremp.com\/es\/wp-json\/wp\/v2\/types\/page"}],"author":[{"embeddable":true,"href":"https:\/\/estudidentaltremp.com\/es\/wp-json\/wp\/v2\/users\/1"}],"replies":[{"embeddable":true,"href":"https:\/\/estudidentaltremp.com\/es\/wp-json\/wp\/v2\/comments?post=16"}],"version-history":[{"count":59,"href":"https:\/\/estudidentaltremp.com\/es\/wp-json\/wp\/v2\/pages\/16\/revisions"}],"predecessor-version":[{"id":1456,"href":"https:\/\/estudidentaltremp.com\/es\/wp-json\/wp\/v2\/pages\/16\/revisions\/1456"}],"wp:attachment":[{"href":"https:\/\/estudidentaltremp.com\/es\/wp-json\/wp\/v2\/media?parent=16"}],"curies":[{"name":"wp","href":"https:\/\/api.w.org\/{rel}","templated":true}]}}