{"id":878,"date":"2025-07-09T00:40:06","date_gmt":"2025-07-09T00:40:06","guid":{"rendered":"https:\/\/estudidentaltremp.com\/?page_id=878"},"modified":"2026-01-25T20:19:06","modified_gmt":"2026-01-25T20:19:06","slug":"politica-de-cookies","status":"publish","type":"page","link":"https:\/\/estudidentaltremp.com\/es\/politica-de-cookies\/","title":{"rendered":"POL\u00cdTICA DE COOKIES"},"content":{"rendered":"\t\t<div data-elementor-type=\"wp-page\" data-elementor-id=\"878\" class=\"elementor elementor-878\" data-elementor-post-type=\"page\">\n\t\t\t\t<div class=\"elementor-element elementor-element-985c566 e-con-full e-flex e-con e-parent\" data-id=\"985c566\" data-element_type=\"container\" data-e-type=\"container\" data-settings=\"{&quot;background_background&quot;:&quot;classic&quot;,&quot;background_motion_fx_motion_fx_scrolling&quot;:&quot;yes&quot;,&quot;background_motion_fx_translateY_effect&quot;:&quot;yes&quot;,&quot;background_motion_fx_devices&quot;:[&quot;desktop&quot;,&quot;tablet&quot;],&quot;background_motion_fx_range&quot;:&quot;viewport&quot;,&quot;background_motion_fx_translateY_speed&quot;:{&quot;unit&quot;:&quot;px&quot;,&quot;size&quot;:&quot;2.5&quot;,&quot;sizes&quot;:[]},&quot;background_motion_fx_translateY_affectedRange&quot;:{&quot;unit&quot;:&quot;%&quot;,&quot;size&quot;:&quot;&quot;,&quot;sizes&quot;:{&quot;start&quot;:0,&quot;end&quot;:100}}}\">\n\t\t<div class=\"elementor-element elementor-element-20c20c2 e-flex e-con-boxed e-con e-child\" data-id=\"20c20c2\" data-element_type=\"container\" data-e-type=\"container\" data-settings=\"{&quot;background_background&quot;:&quot;gradient&quot;}\">\n\t\t\t\t\t<div class=\"e-con-inner\">\n\t\t<div class=\"elementor-element elementor-element-70ace39 e-con-full e-flex elementor-invisible e-con e-child\" data-id=\"70ace39\" data-element_type=\"container\" data-e-type=\"container\" data-settings=\"{&quot;animation&quot;:&quot;fadeIn&quot;,&quot;animation_delay&quot;:&quot;600&quot;}\">\n\t\t\t\t<div class=\"elementor-element elementor-element-026880a elementor-widget__width-inherit elementor-widget elementor-widget-heading\" data-id=\"026880a\" data-element_type=\"widget\" data-e-type=\"widget\" data-settings=\"{&quot;_animation&quot;:&quot;none&quot;}\" data-widget_type=\"heading.default\">\n\t\t\t\t<div class=\"elementor-widget-container\">\n\t\t\t\t\t<h1 class=\"elementor-heading-title elementor-size-default\">Pol\u00edtica de cookies<\/h1>\t\t\t\t<\/div>\n\t\t\t\t<\/div>\n\t\t\t\t<\/div>\n\t\t\t\t\t<\/div>\n\t\t\t\t<\/div>\n\t\t\t\t<\/div>\n\t\t<div class=\"elementor-element elementor-element-82ea3f7 e-flex e-con-boxed e-con e-parent\" data-id=\"82ea3f7\" data-element_type=\"container\" data-e-type=\"container\" data-settings=\"{&quot;background_background&quot;:&quot;classic&quot;}\">\n\t\t\t\t\t<div class=\"e-con-inner\">\n\t\t<div class=\"elementor-element elementor-element-3fcdae0 e-con-full e-flex elementor-invisible e-con e-child\" data-id=\"3fcdae0\" data-element_type=\"container\" data-e-type=\"container\" data-settings=\"{&quot;animation&quot;:&quot;fadeIn&quot;,&quot;animation_delay&quot;:&quot;800&quot;}\">\n\t\t\t\t<div class=\"elementor-element elementor-element-858d987 elementor-widget-mobile__width-inherit elementor-widget elementor-widget-text-editor\" data-id=\"858d987\" data-element_type=\"widget\" data-e-type=\"widget\" data-widget_type=\"text-editor.default\">\n\t\t\t\t<div class=\"elementor-widget-container\">\n\t\t\t\t\t\t\t\t\t<p><strong>POL\u00cdTICA DE COOKIES 1<\/strong><\/p><p>\u00a0<\/p><p><strong>\u00bfQU\u00c9 SON LAS COOKIES? <\/strong><\/p><p><strong>\u00a0<\/strong><\/p><p>Cookie es un fichero que se descarga en su ordenador al acceder a determinadas p\u00e1ginas web. Las cookies permiten a una p\u00e1gina web, entre otras cosas, almacenar y recuperar informaci\u00f3n sobre los h\u00e1bitos de navegaci\u00f3n de un usuario o de su equipo y, dependiendo de la informaci\u00f3n que contengan y de la forma en que utilice su equipo, pueden utilizarse para reconocer al usuario. El navegador del usuario memoriza cookies en el disco duro solamente durante la sesi\u00f3n actual ocupando un espacio de memoria m\u00ednimo y no perjudicando al ordenador. Las cookies no contienen ninguna clase de informaci\u00f3n personal espec\u00edfica, y la mayor\u00eda de las mismas se borran del disco duro al finalizar la sesi\u00f3n de navegador (las denominadas cookies de sesi\u00f3n).<\/p><p>\u00a0<\/p><p>La mayor\u00eda de los navegadores aceptan como est\u00e1ndar a las cookies y, con independencia de las mismas, permiten o impiden en los ajustes de seguridad las cookies temporales o memorizadas.<\/p><p>\u00a0<\/p><p>Sin su expreso consentimiento \u2013mediante la activaci\u00f3n de las cookies en su navegador\u2013 este sitio web no enlazar\u00e1 en las cookies los datos memorizados con sus datos personales proporcionados en el momento del registro o la compra.<\/p><p>\u00a0<\/p><p><strong>\u00bfQU\u00c9 TIPOS DE COOKIES UTILIZAMOS EN ESTE SITIO WEB?<\/strong><\/p><p>\u00a0<\/p><p>Este sitio web utiliza cookies que permiten el funcionamiento y la prestaci\u00f3n de los servicios ofrecidos en el mismo.<\/p><p>\u00a0<\/p><p>Siguiendo las directrices de la Agencia Espa\u00f1ola de Protecci\u00f3n de Datos procedemos a detallar el uso de cookies que hace esta web con el fin de informarle con la m\u00e1xima exactitud posible.<\/p><p>\u00a0<\/p><ul><li>Este sitio web utiliza las siguientes <strong>cookies propias<\/strong>:<\/li><\/ul><p>\u00a0<\/p><p><strong>Cookies t\u00e9cnicas<\/strong>: son aquellas que permiten al usuario la navegaci\u00f3n a trav\u00e9s de una p\u00e1gina web, plataforma o aplicaci\u00f3n y la utilizaci\u00f3n de las diferentes opciones o servicios que en ella existan, incluyendo aquellas que el editor utiliza para permitir la gesti\u00f3n y operativa de la p\u00e1gina web y habilitar sus funciones y servicios, como, por ejemplo, controlar el tr\u00e1fico y la comunicaci\u00f3n de datos, identificar la sesi\u00f3n, acceder a partes de acceso restringido, recordar los elementos que integran un pedido, realizar el proceso de compra de un pedido, gestionar el pago, controlar el fraude vinculado a la seguridad del servicio, realizar la solicitud de inscripci\u00f3n o participaci\u00f3n en un evento, contar visitas a efectos de la facturaci\u00f3n de licencias del software con el que funciona el servicio (sitio web, plataforma o aplicaci\u00f3n), utilizar elementos de seguridad durante la navegaci\u00f3n, almacenar contenidos para la difusi\u00f3n de v\u00eddeos o sonido, habilitar contenidos din\u00e1micos (por ejemplo, animaci\u00f3n de carga de un texto o imagen) o compartir contenidos a trav\u00e9s de redes sociales.<\/p><p><strong>\u00a0<\/strong><\/p><p>Google Analytics: Almacena cookies para poder elaborar estad\u00edsticas sobre el tr\u00e1fico y volumen de visitas de esta web. Al utilizar este sitio web est\u00e1 consintiendo el tratamiento de informaci\u00f3n acerca de usted por Google. Por tanto, el ejercicio de cualquier derecho en este sentido deber\u00e1 hacerlo comunicando directamente con Google.<\/p><p>\u00a0<\/p><p>Redes sociales: Cada red social utiliza sus propias cookies para que usted pueda pinchar en botones del tipo Me gusta o Compartir<\/p><p>\u00a0<\/p><p>\u00a0<\/p><p>RESUMEN COOKIES PROPIAS Y DE TERCEROS UTILIZADAS EN ESTE PORTAL WEB<\/p><p>\u00a0<\/p><table width=\"551\"><tbody><tr><td width=\"94\"><p><strong>Tipo de Cookies<\/strong><\/p><\/td><td width=\"94\"><p><strong>Titularidad<\/strong><\/p><\/td><td width=\"139\"><p><strong>Identificaci\u00f3n\/nombre de la cookie<\/strong><\/p><\/td><td width=\"99\"><p><strong>Periodo de conservaci\u00f3n<\/strong><\/p><\/td><td width=\"124\"><p><strong>Prop\u00f3sito\/Finalidad<\/strong><\/p><\/td><\/tr><tr><td width=\"94\"><p>T\u00e9cnica<\/p><\/td><td width=\"94\"><p>Tercero: Google<\/p><\/td><td width=\"139\"><p>UULE<\/p><\/td><td width=\"99\"><p>1 d\u00eda<\/p><\/td><td width=\"124\"><p>Cookie asociada al servicio de Google Maps. Permite la geolocalizaci\u00f3n de nuestra Cl\u00ednica en la secci\u00f3n correspondiente de este sitio web<\/p><\/td><\/tr><tr><td width=\"94\"><p>T\u00e9cnica<\/p><\/td><td width=\"94\"><p>Propia<\/p><\/td><td width=\"139\"><p>viewed_cookie_policy<\/p><\/td><td width=\"99\"><p>1 a\u00f1o<\/p><\/td><td width=\"124\"><p>Cookies de uso interno necesaria para el funcionamiento de la visualizaci\u00f3n de la pol\u00edtica de cookies de la web.<\/p><\/td><\/tr><tr><td width=\"94\"><p>\u00a0<\/p><\/td><td width=\"94\"><p>\u00a0<\/p><\/td><td width=\"139\"><p>\u00a0<\/p><\/td><td width=\"99\"><p>\u00a0<\/p><\/td><td width=\"124\"><p>\u00a0<\/p><\/td><\/tr><tr><td width=\"94\"><p>\u00a0<\/p><\/td><td width=\"94\"><p>\u00a0<\/p><\/td><td width=\"139\"><p>\u00a0<\/p><\/td><td width=\"99\"><p>\u00a0<\/p><\/td><td width=\"124\"><p>\u00a0<\/p><\/td><\/tr><\/tbody><\/table><p>\u00a0<\/p><p>\u00a0<\/p><p>\u00a0<\/p><p>\u00a0<\/p><p><strong>DESACTIVACI\u00d3N O ELIMINACI\u00d3N DE COOKIES<\/strong><\/p><p><strong>\u00a0<\/strong><\/p><p>Al desactivar cookies, algunos de los servicios disponibles podr\u00edan dejar de estar operativos. La forma de deshabilitar las cookies es diferente para cada navegador, pero normalmente puede hacerse desde el men\u00fa Herramientas u Opciones. Tambi\u00e9n puede consultarse el men\u00fa de Ayuda del navegador d\u00f3nde puedes encontrar instrucciones. El usuario podr\u00e1 en cualquier momento elegir qu\u00e9 cookies quiere que funcionen en este sitio web.<\/p><p>\u00a0<\/p><p>Puede usted permitir, bloquear o eliminar las cookies instaladas en su equipo mediante la configuraci\u00f3n de las opciones del navegador instalado en su ordenador:<\/p><p>\u00a0<\/p><ul><li>Microsoft Internet Explorer o Microsoft Edge: <a href=\"http:\/\/windows.microsoft.com\/es-es\/windows-vista\/Block-or-allow-cookies\">http:\/\/windows.microsoft.com\/es-es\/windows-vista\/Block-or-allow-cookies<\/a><\/li><li>Mozilla Firefox: <a href=\"http:\/\/support.mozilla.org\/es\/kb\/impedir-que-los-sitios-web-guarden-sus-preferencia\">http:\/\/support.mozilla.org\/es\/kb\/impedir-que-los-sitios-web-guarden-sus-preferencia<\/a><\/li><li>Chrome: <a href=\"https:\/\/support.google.com\/accounts\/answer\/61416?hl=es\">https:\/\/support.google.com\/accounts\/answer\/61416?hl=es<\/a><\/li><li>Safari: <a href=\"http:\/\/safari.helpmax.net\/es\/privacidad-y-seguridad\/como-gestionar-las-cookies\/\">http:\/\/safari.helpmax.net\/es\/privacidad-y-seguridad\/como-gestionar-las-cookies\/<\/a><\/li><li>Opera: <a href=\"http:\/\/help.opera.com\/Linux\/10.60\/es-ES\/cookies.html\">http:\/\/help.opera.com\/Linux\/10.60\/es-ES\/cookies.html<\/a><\/li><li>Safari para iOS (dispositivos iPhone y iPad): <a href=\"http:\/\/help.opera.com\/Linux\/10.50\/en\/cookies.html\">http:\/\/help.opera.com\/Linux\/10.50\/en\/cookies.html<\/a><\/li><li>Chrome para Android: <a href=\"https:\/\/support.google.com\/chrome\/answer\/2392971?hl=es\">https:\/\/support.google.com\/chrome\/answer\/2392971?hl=es<\/a><\/li><li>Windows Phone: <a href=\"http:\/\/www.windowsphone.com\/es-es\/how-to\/wp7\/web\/changing-privacy-and-other-browser-\">http:\/\/www.windowsphone.com\/es-es\/how-to\/wp7\/web\/changing-privacy-and-other-browser-<\/a><\/li><li>\u00a0<\/li><\/ul><p>\u00a0<\/p><p>Adem\u00e1s, tambi\u00e9n puede gestionar el almac\u00e9n de cookies en su navegador a trav\u00e9s de herramientas como las siguientes:<\/p><p>\u00a0<\/p><p>Ghostery: <a href=\"http:\/\/www.ghostery.com\">www.ghostery.com<\/a><\/p><p>Your online choices: <a href=\"http:\/\/www.youronlinechoices.com\/es\/\">www.youronlinechoices.com\/es\/<\/a><\/p><p>\u00a0<\/p><p>Mas informaci\u00f3n relativa a la protecci\u00f3n de sus datos personales en nuestra Pol\u00edtica de Privacidad.<\/p><p>El editor se reserva el derecho de cambiar esta pol\u00edtica de cookies si se realizan cambios en la configuraci\u00f3n y\/o uso de las mismas. Se publicar\u00e1 una versi\u00f3n actualizada en esta p\u00e1gina web.<\/p>\t\t\t\t\t\t\t\t<\/div>\n\t\t\t\t<\/div>\n\t\t\t\t<\/div>\n\t\t\t\t\t<\/div>\n\t\t\t\t<\/div>\n\t\t\t\t<\/div>\n\t\t","protected":false},"excerpt":{"rendered":"<p>Pol\u00edtica de cookies POL\u00cdTICA DE COOKIES 1 \u00a0 \u00bfQU\u00c9 SON LAS COOKIES? \u00a0 Cookie es un fichero que se descarga [&hellip;]<\/p>\n","protected":false},"author":1,"featured_media":0,"parent":0,"menu_order":0,"comment_status":"closed","ping_status":"closed","template":"elementor_header_footer","meta":{"site-sidebar-layout":"no-sidebar","site-content-layout":"","ast-site-content-layout":"full-width-container","site-content-style":"default","site-sidebar-style":"default","ast-global-header-display":"","ast-banner-title-visibility":"","ast-main-header-display":"","ast-hfb-above-header-display":"","ast-hfb-below-header-display":"","ast-hfb-mobile-header-display":"","site-post-title":"disabled","ast-breadcrumbs-content":"","ast-featured-img":"disabled","footer-sml-layout":"","theme-transparent-header-meta":"default","adv-header-id-meta":"","stick-header-meta":"","header-above-stick-meta":"","header-main-stick-meta":"","header-below-stick-meta":"","astra-migrate-meta-layouts":"set","ast-page-background-enabled":"default","ast-page-background-meta":{"desktop":{"background-color":"var(--ast-global-color-5)","background-image":"","background-repeat":"repeat","background-position":"center center","background-size":"auto","background-attachment":"scroll","background-type":"","background-media":"","overlay-type":"","overlay-color":"","overlay-opacity":"","overlay-gradient":""},"tablet":{"background-color":"","background-image":"","background-repeat":"repeat","background-position":"center center","background-size":"auto","background-attachment":"scroll","background-type":"","background-media":"","overlay-type":"","overlay-color":"","overlay-opacity":"","overlay-gradient":""},"mobile":{"background-color":"","background-image":"","background-repeat":"repeat","background-position":"center center","background-size":"auto","background-attachment":"scroll","background-type":"","background-media":"","overlay-type":"","overlay-color":"","overlay-opacity":"","overlay-gradient":""}},"ast-content-background-meta":{"desktop":{"background-color":"var(--ast-global-color-4)","background-image":"","background-repeat":"repeat","background-position":"center center","background-size":"auto","background-attachment":"scroll","background-type":"","background-media":"","overlay-type":"","overlay-color":"","overlay-opacity":"","overlay-gradient":""},"tablet":{"background-color":"var(--ast-global-color-4)","background-image":"","background-repeat":"repeat","background-position":"center center","background-size":"auto","background-attachment":"scroll","background-type":"","background-media":"","overlay-type":"","overlay-color":"","overlay-opacity":"","overlay-gradient":""},"mobile":{"background-color":"var(--ast-global-color-4)","background-image":"","background-repeat":"repeat","background-position":"center center","background-size":"auto","background-attachment":"scroll","background-type":"","background-media":"","overlay-type":"","overlay-color":"","overlay-opacity":"","overlay-gradient":""}},"footnotes":""},"class_list":["post-878","page","type-page","status-publish","hentry"],"_links":{"self":[{"href":"https:\/\/estudidentaltremp.com\/es\/wp-json\/wp\/v2\/pages\/878","targetHints":{"allow":["GET"]}}],"collection":[{"href":"https:\/\/estudidentaltremp.com\/es\/wp-json\/wp\/v2\/pages"}],"about":[{"href":"https:\/\/estudidentaltremp.com\/es\/wp-json\/wp\/v2\/types\/page"}],"author":[{"embeddable":true,"href":"https:\/\/estudidentaltremp.com\/es\/wp-json\/wp\/v2\/users\/1"}],"replies":[{"embeddable":true,"href":"https:\/\/estudidentaltremp.com\/es\/wp-json\/wp\/v2\/comments?post=878"}],"version-history":[{"count":7,"href":"https:\/\/estudidentaltremp.com\/es\/wp-json\/wp\/v2\/pages\/878\/revisions"}],"predecessor-version":[{"id":1185,"href":"https:\/\/estudidentaltremp.com\/es\/wp-json\/wp\/v2\/pages\/878\/revisions\/1185"}],"wp:attachment":[{"href":"https:\/\/estudidentaltremp.com\/es\/wp-json\/wp\/v2\/media?parent=878"}],"curies":[{"name":"wp","href":"https:\/\/api.w.org\/{rel}","templated":true}]}}